{"id":1552,"date":"2026-04-14T18:31:24","date_gmt":"2026-04-14T16:31:24","guid":{"rendered":"https:\/\/tamaradefrutos.com\/?post_type=product&#038;p=1552"},"modified":"2026-04-27T15:35:39","modified_gmt":"2026-04-27T13:35:39","slug":"sonare-tu-cielo-de-carbon-iv-art-print","status":"publish","type":"product","link":"https:\/\/tamaradefrutos.com\/en\/Product\/sonare-tu-cielo-de-carbon-iv-art-print\/","title":{"rendered":"So\u00f1ar\u00e9 tu cielo de carb\u00f3n (IV) ~ Art Print"},"content":{"rendered":"<p>Art Print reproducing one of the illustrations of <em>So\u00f1ar\u00e9 tu cielo de carb\u00f3n<\/em>, a fantasy book written by Pepelu Fern\u00e1ndez.<\/p>\n<p>Originally hand-drawn with pencils, and printed on 300 gsm recycled paper with a natural matte finish.<\/p>\n","protected":false},"excerpt":{"rendered":"<p>Art Print reproducing one of the illustrations of So\u00f1ar\u00e9 tu cielo de carb\u00f3n, a fantasy book written by Pepelu Fern\u00e1ndez. Originally hand-drawn with pencils, and printed on 300 gsm recycled paper with a natural matte finish.<\/p>\n","protected":false},"featured_media":1546,"comment_status":"closed","ping_status":"closed","template":"","meta":{"_acf_changed":false,"_et_pb_use_builder":"","_et_pb_old_content":"","_et_gb_content_width":""},"product_brand":[],"product_cat":[66],"product_tag":[],"class_list":{"0":"post-1552","1":"product","2":"type-product","3":"status-publish","4":"has-post-thumbnail","6":"product_cat-prints","8":"first","9":"instock","10":"shipping-taxable","11":"purchasable","12":"product-type-variable"},"acf":[],"_links":{"self":[{"href":"https:\/\/tamaradefrutos.com\/en\/wp-json\/wp\/v2\/product\/1552","targetHints":{"allow":["GET"]}}],"collection":[{"href":"https:\/\/tamaradefrutos.com\/en\/wp-json\/wp\/v2\/product"}],"about":[{"href":"https:\/\/tamaradefrutos.com\/en\/wp-json\/wp\/v2\/types\/product"}],"replies":[{"embeddable":true,"href":"https:\/\/tamaradefrutos.com\/en\/wp-json\/wp\/v2\/comments?post=1552"}],"wp:featuredmedia":[{"embeddable":true,"href":"https:\/\/tamaradefrutos.com\/en\/wp-json\/wp\/v2\/media\/1546"}],"wp:attachment":[{"href":"https:\/\/tamaradefrutos.com\/en\/wp-json\/wp\/v2\/media?parent=1552"}],"wp:term":[{"taxonomy":"product_brand","embeddable":true,"href":"https:\/\/tamaradefrutos.com\/en\/wp-json\/wp\/v2\/product_brand?post=1552"},{"taxonomy":"product_cat","embeddable":true,"href":"https:\/\/tamaradefrutos.com\/en\/wp-json\/wp\/v2\/product_cat?post=1552"},{"taxonomy":"product_tag","embeddable":true,"href":"https:\/\/tamaradefrutos.com\/en\/wp-json\/wp\/v2\/product_tag?post=1552"}],"curies":[{"name":"wp","href":"https:\/\/api.w.org\/{rel}","templated":true}]}}