{"id":1475,"date":"2026-04-14T16:10:13","date_gmt":"2026-04-14T14:10:13","guid":{"rendered":"https:\/\/tamaradefrutos.com\/?post_type=product&#038;p=1475"},"modified":"2026-04-24T18:41:56","modified_gmt":"2026-04-24T16:41:56","slug":"the-hidden-door-art-print-copia-copia-copia-3","status":"publish","type":"product","link":"https:\/\/tamaradefrutos.com\/en\/Product\/the-hidden-door-art-print-copia-copia-copia-3\/","title":{"rendered":"Lechuza en el crep\u00fasculo ~ Art Print"},"content":{"rendered":"<p>Impresi\u00f3n que reproduce la pintura original de una lechuza en el interior del bosque crepuscular.<\/p>\n<p>Pintada a mano con acuarelas y l\u00e1pices de colores, e impreso sobre papel de 300 gr, con un acabado mate natural.<\/p>\n<p>*<\/p>\n<p>La lechuza planea sobre el folclore de los siglos, cuando la noche ten\u00eda otros significados y otros nombres. En su tiempo se fabul\u00f3 sobre seres que cambian de forma, ataques a ni\u00f1os, pesadillas s\u00f3lidas\u2026 Ahora, mi imaginaci\u00f3n la invoca, y aparece como espectro crepuscular, rapaz y silvestre. No parece sorprendente su relaci\u00f3n con la sabidur\u00eda. Si habita este, y el otro lado de la realidad, algunos aprendizajes debe guardar bajo sus alas.   <\/p>\n","protected":false},"excerpt":{"rendered":"<p>Impresi\u00f3n que reproduce la pintura original de una lechuza en el interior del bosque crepuscular. Pintada a mano con acuarelas y l\u00e1pices de colores, e impreso sobre papel de 300 gr, con un acabado mate natural. * La lechuza planea sobre el folclore de los siglos, cuando la noche ten\u00eda otros significados y otros nombres. [&hellip;]<\/p>\n","protected":false},"featured_media":1506,"comment_status":"closed","ping_status":"closed","template":"","meta":{"_acf_changed":false,"_et_pb_use_builder":"","_et_pb_old_content":"","_et_gb_content_width":""},"product_brand":[],"product_cat":[66],"product_tag":[],"class_list":{"0":"post-1475","1":"product","2":"type-product","3":"status-publish","4":"has-post-thumbnail","6":"product_cat-prints","8":"first","9":"instock","10":"shipping-taxable","11":"purchasable","12":"product-type-variable"},"acf":[],"_links":{"self":[{"href":"https:\/\/tamaradefrutos.com\/en\/wp-json\/wp\/v2\/product\/1475","targetHints":{"allow":["GET"]}}],"collection":[{"href":"https:\/\/tamaradefrutos.com\/en\/wp-json\/wp\/v2\/product"}],"about":[{"href":"https:\/\/tamaradefrutos.com\/en\/wp-json\/wp\/v2\/types\/product"}],"replies":[{"embeddable":true,"href":"https:\/\/tamaradefrutos.com\/en\/wp-json\/wp\/v2\/comments?post=1475"}],"wp:featuredmedia":[{"embeddable":true,"href":"https:\/\/tamaradefrutos.com\/en\/wp-json\/wp\/v2\/media\/1506"}],"wp:attachment":[{"href":"https:\/\/tamaradefrutos.com\/en\/wp-json\/wp\/v2\/media?parent=1475"}],"wp:term":[{"taxonomy":"product_brand","embeddable":true,"href":"https:\/\/tamaradefrutos.com\/en\/wp-json\/wp\/v2\/product_brand?post=1475"},{"taxonomy":"product_cat","embeddable":true,"href":"https:\/\/tamaradefrutos.com\/en\/wp-json\/wp\/v2\/product_cat?post=1475"},{"taxonomy":"product_tag","embeddable":true,"href":"https:\/\/tamaradefrutos.com\/en\/wp-json\/wp\/v2\/product_tag?post=1475"}],"curies":[{"name":"wp","href":"https:\/\/api.w.org\/{rel}","templated":true}]}}