{"id":1310,"date":"2026-04-04T16:40:58","date_gmt":"2026-04-04T14:40:58","guid":{"rendered":"https:\/\/tamaradefrutos.com\/?post_type=product&#038;p=1310"},"modified":"2026-04-24T18:39:40","modified_gmt":"2026-04-24T16:39:40","slug":"the-hidden-door-art-print-copia","status":"publish","type":"product","link":"https:\/\/tamaradefrutos.com\/en\/Product\/the-hidden-door-art-print-copia\/","title":{"rendered":"Sacred tree I ~ Art Print"},"content":{"rendered":"<p>Impresi\u00f3n que representa la acuarela original de un haya anciana protectora de los h\u00famedos bosques del norte de Navarra. Hubo un tiempo en que algunos \u00e1rboles eran templos del territorio. Lugares de poder en los que se rend\u00eda culto a diversas deidades. S\u00edmbolos del Axis Mundi, de sabidur\u00eda y de longevidad, los \u00e1rboles sagrados son adem\u00e1s fuente de belleza, respeto y fascinaci\u00f3n para todo aquel con voluntad de explorar el lado m\u00e1gico de la existencia.   <\/p>\n<p>Pintado a mano con acuarelas y l\u00e1pices de colores, e impreso sobre papel de 300 g, con un acabado mate natural.<\/p>\n","protected":false},"excerpt":{"rendered":"<p>Impresi\u00f3n que representa la acuarela original de un haya anciana protectora de los h\u00famedos bosques del norte de Navarra. Hubo un tiempo en que algunos \u00e1rboles eran templos del territorio. Lugares de poder en los que se rend\u00eda culto a diversas deidades. S\u00edmbolos del Axis Mundi, de sabidur\u00eda y de longevidad, los \u00e1rboles sagrados son [&hellip;]<\/p>\n","protected":false},"featured_media":1369,"comment_status":"closed","ping_status":"closed","template":"","meta":{"_acf_changed":false,"_et_pb_use_builder":"","_et_pb_old_content":"","_et_gb_content_width":""},"product_brand":[],"product_cat":[66],"product_tag":[],"class_list":{"0":"post-1310","1":"product","2":"type-product","3":"status-publish","4":"has-post-thumbnail","6":"product_cat-prints","8":"first","9":"instock","10":"shipping-taxable","11":"purchasable","12":"product-type-variable"},"acf":[],"_links":{"self":[{"href":"https:\/\/tamaradefrutos.com\/en\/wp-json\/wp\/v2\/product\/1310","targetHints":{"allow":["GET"]}}],"collection":[{"href":"https:\/\/tamaradefrutos.com\/en\/wp-json\/wp\/v2\/product"}],"about":[{"href":"https:\/\/tamaradefrutos.com\/en\/wp-json\/wp\/v2\/types\/product"}],"replies":[{"embeddable":true,"href":"https:\/\/tamaradefrutos.com\/en\/wp-json\/wp\/v2\/comments?post=1310"}],"wp:featuredmedia":[{"embeddable":true,"href":"https:\/\/tamaradefrutos.com\/en\/wp-json\/wp\/v2\/media\/1369"}],"wp:attachment":[{"href":"https:\/\/tamaradefrutos.com\/en\/wp-json\/wp\/v2\/media?parent=1310"}],"wp:term":[{"taxonomy":"product_brand","embeddable":true,"href":"https:\/\/tamaradefrutos.com\/en\/wp-json\/wp\/v2\/product_brand?post=1310"},{"taxonomy":"product_cat","embeddable":true,"href":"https:\/\/tamaradefrutos.com\/en\/wp-json\/wp\/v2\/product_cat?post=1310"},{"taxonomy":"product_tag","embeddable":true,"href":"https:\/\/tamaradefrutos.com\/en\/wp-json\/wp\/v2\/product_tag?post=1310"}],"curies":[{"name":"wp","href":"https:\/\/api.w.org\/{rel}","templated":true}]}}