{"id":1056,"date":"2025-11-26T12:45:50","date_gmt":"2025-11-26T11:45:50","guid":{"rendered":"http:\/\/tamaradefrutos.com\/legal-notice\/"},"modified":"2026-01-19T16:40:40","modified_gmt":"2026-01-19T15:40:40","slug":"legal-notice","status":"publish","type":"page","link":"https:\/\/tamaradefrutos.com\/en\/legal-notice\/","title":{"rendered":"Legal notice"},"content":{"rendered":"<p>[et_pb_section fb_built=&#8221;1&#8243; _builder_version=&#8221;4.27.4&#8243; _module_preset=&#8221;default&#8221; background_color=&#8221;#1D1B19&#8243; background_image=&#8221;http:\/\/tamaradefrutos.com\/wp-content\/uploads\/2025\/11\/estramonio-1.png&#8221; background_size=&#8221;initial&#8221; background_position=&#8221;top_right&#8221; background_horizontal_offset=&#8221;7%&#8221; custom_padding=&#8221;45px||20px|||&#8221; global_module=&#8221;388&#8243; saved_tabs=&#8221;all&#8221; global_colors_info=&#8221;{}&#8221;][et_pb_row _builder_version=&#8221;4.27.4&#8243; _module_preset=&#8221;default&#8221; custom_margin=&#8221;-20px|auto||auto||&#8221; custom_padding=&#8221;||29px|||&#8221; global_colors_info=&#8221;{}&#8221;][et_pb_column type=&#8221;4_4&#8243; _builder_version=&#8221;4.27.4&#8243; _module_preset=&#8221;default&#8221; global_colors_info=&#8221;{}&#8221;][et_pb_text _builder_version=&#8221;4.27.4&#8243; _dynamic_attributes=&#8221;content&#8221; _module_preset=&#8221;default&#8221; header_font=&#8221;Chapbook||||||||&#8221; header_text_color=&#8221;#FFFFFF&#8221; header_font_size=&#8221;50px&#8221; header_font_size_tablet=&#8221;46px&#8221; header_font_size_phone=&#8221;38px&#8221; header_font_size_last_edited=&#8221;on|phone&#8221; global_colors_info=&#8221;{}&#8221;]@ET-DC@eyJkeW5hbWljIjp0cnVlLCJjb250ZW50IjoicG9zdF90aXRsZSIsInNldHRpbmdzIjp7ImJlZm9yZSI6IjxoMT4iLCJhZnRlciI6IjxcL2gxPiJ9fQ==@[\/et_pb_text][\/et_pb_column][\/et_pb_row][\/et_pb_section][et_pb_section fb_built=&#8221;1&#8243; _builder_version=&#8221;4.27.4&#8243; _module_preset=&#8221;default&#8221; background_color=&#8221;#E7E3DA&#8221; global_colors_info=&#8221;{}&#8221;][et_pb_row _builder_version=&#8221;4.27.4&#8243; _module_preset=&#8221;default&#8221; custom_padding=&#8221;11px|||||&#8221; global_colors_info=&#8221;{}&#8221;][et_pb_column type=&#8221;4_4&#8243; _builder_version=&#8221;4.27.4&#8243; _module_preset=&#8221;default&#8221; global_colors_info=&#8221;{}&#8221;][et_pb_text _builder_version=&#8221;4.27.4&#8243; _module_preset=&#8221;default&#8221; header_3_font=&#8221;&#8211;et_global_body_font||||||||&#8221; header_3_letter_spacing=&#8221;1px&#8221; hover_enabled=&#8221;0&#8243; global_colors_info=&#8221;{}&#8221; sticky_enabled=&#8221;0&#8243;]<\/p>\n<h3><strong>I. GENERAL INFORMATION<\/strong><\/h3>\n<p>In compliance with the duty of information established in Law 34\/2002 on Information Society Services and Electronic Commerce (LSSI-CE) of July 11, the following general information regarding this website is provided:<\/p>\n<p>The ownership of this website, www.tamaradefrutos.com (hereinafter, &#8220;Website&#8221;), is held by: Tamara Garc\u00eda de Frutos, with NIF: 20904340P, and whose contact details are:<\/p>\n<p>Address: C\/ Joaqu\u00edn Garc\u00eda Girona 64, 12006, Castell\u00f3 de la Plana, Spain<\/p>\n<p>Contact Phone: 0034 655 013 853<\/p>\n<p>Contact Email: <a href=\"mailto:tamaradefrutosart@gmail.com\">tamaradefrutosart@gmail.com<\/a><\/p>\n<h3><strong><\/strong><\/h3>\n<h3><strong>II. GENERAL TERMS AND CONDITIONS OF USE<\/strong><\/h3>\n<p><strong>Object of the conditions<\/strong><\/p>\n<p>The purpose of these General Conditions of Use (hereinafter, &#8220;Conditions&#8221;) is to regulate the access and use of the Website. For the purposes of these Conditions, &#8220;Website&#8221; shall be understood as: the external appearance of the screen interfaces, both static and dynamic (the navigation tree), and all elements integrated into both the screen interfaces and the navigation tree (hereinafter, &#8220;Contents&#8221;) and all online services or resources that may be offered to Users (hereinafter, &#8220;Services&#8221;). <\/p>\n<p>Tamara de Frutos reserves the right to modify, at any time and without prior notice, the presentation and configuration of the Website and the Contents and Services incorporated therein. The User acknowledges and accepts that at any time Tamara de Frutos may interrupt, deactivate, and\/or cancel any of these elements integrated into the Website or access to them. <\/p>\n<p>Access to the Website by the User is free and, as a general rule, free of charge, without the User having to provide consideration to enjoy it, except regarding the cost of connection through the telecommunications network provided by the access provider contracted by the User.<\/p>\n<p>Sponsorship and Registration Aside from the connection cost, some Contents or Services offered by Tamara de Frutos or, where applicable, third parties through the Website, may be subject to the prior contracting of the Content or Service.<\/p>\n<p>In such cases, the corresponding General or Particular Conditions governing this will be clearly specified or made available to the User.<\/p>\n<p>The use of some Contents or Services may require prior subscription or registration.<\/p>\n<h3><strong><\/strong><\/h3>\n<h3><strong>III. ACCESS AND NAVIGATION ON THE WEBSITE: EXCLUSION OF WARRANTIES AND LIABILITY<\/strong><\/h3>\n<p>Tamara de Frutos does not guarantee the continuity, availability, and usefulness of the Website, nor of the Contents or Services. Tamara de Frutos will do everything possible for the proper functioning of the Website; however, she does not accept responsibility or guarantee that access to this Website will be uninterrupted or error-free. <\/p>\n<p>Furthermore, she does not accept responsibility or guarantee that the content or software that can be accessed through this Website is error-free or will cause damage to the User&#8217;s computer system (software and hardware). Under no circumstances shall Tamara de Frutos be liable for losses or damages of any kind arising from access, navigation, and use of the Website, including, but not limited to, those caused to computer systems or those caused by the introduction of viruses. <\/p>\n<p>Tamara de Frutos is also not responsible for damages that may be caused to users due to improper use of this Website. In particular, she is not responsible in any way for outages, interruptions, or defects in telecommunications that may occur. <\/p>\n<p><strong><\/strong><\/p>\n<h3><strong>IV. LINKS POLICY<\/strong><\/h3>\n<p>The Website of Tamara de Frutos provides or may provide Users with linking means (such as links, banners, buttons), directories, and search engines that allow Users to access websites belonging to and\/or managed by third parties.<\/p>\n<p>The installation of these links is intended to facilitate Users&#8217; search for and access to information available on the Internet, and cannot be considered a suggestion, recommendation, or invitation to visit them.<\/p>\n<p>Tamara de Frutos does not guarantee the technical availability, accuracy, veracity, validity, or legality of external sites.<\/p>\n<p>Tamara de Frutos does not review or control the content of other websites, nor does she approve, examine, or endorse the products, services, content, or any other material existing on said linked sites.<\/p>\n<p>Tamara de Frutos accepts no responsibility for any damages that may arise from the access, use, quality or legality of the content, communications, opinions, products and services of websites not managed by Tamara de Frutos and which are linked to this Website.<\/p>\n<p>Any User or third party who creates a hyperlink from a web page on another, different website to the Tamara de Frutos Website should be aware that:<\/p>\n<p>No reproduction\u2014in whole or in part\u2014of any of the Content and\/or Services of the Website is permitted without the express authorisation of Tamara de Frutos.<\/p>\n<p>No false, inaccurate or incorrect statements about the Tamara de Frutos Website or its Content and\/or Services are permitted.<\/p>\n<p>With the exception of the hyperlink, the website on which said hyperlink is established shall not contain any element from this Website that is protected as intellectual property by Spanish law, unless expressly authorised by Tamara de Frutos.<\/p>\n<p>The establishment of the hyperlink shall not imply the existence of a relationship between Tamara de Frutos and the owner of the website from which it is made, nor the knowledge and acceptance by Tamara de Frutos of the content, services and\/or activities offered on said website, and vice versa.<\/p>\n<p><strong><\/strong><\/p>\n<h3><strong>V. INTELLECTUAL AND INDUSTRIAL PROPERTY<\/strong><\/h3>\n<p>All artworks, images, and texts on this website are the exclusive property of <strong>Tamara de Frutos<\/strong> and are protected by intellectual property laws by the Spanish legal system. Any reproduction or commercial use thereof is prohibited without the prior written consent of the author. <\/p>\n<p>All rights reserved. By virtue of the provisions of the Intellectual Property Law, the reproduction, distribution, and public communication, including the method of making available, of all or part of the contents of this website for commercial purposes, in any medium and by any technical means, without the authorization of Tamara de Frutos, are expressly prohibited. <\/p>\n<p>The User undertakes to respect the intellectual and industrial property rights of Tamara de Frutos. You may view the elements of the Website or even print, copy and store them on your computer&#8217;s hard drive or on any other physical medium, provided that it is exclusively for your personal use. However, the User may not delete, alter or manipulate any protection device or security system installed on the Website.  <\/p>\n<p>If the User or a third party considers that any of the Content on the Website constitutes a violation of intellectual property rights, they must immediately notify Tamara de Frutos using the contact details in the GENERAL INFORMATION section of this Legal Notice and General Conditions of Use.<\/p>\n<p><strong><\/strong><\/p>\n<h3><strong>VI. LEGAL ACTIONS, APPLICABLE LEGISLATION, AND JURISDICTION<\/strong><\/h3>\n<p>Tamara de Frutos reserves the right to file civil or criminal actions deemed necessary for the improper use of the Website and Contents, or for the breach of these Conditions.<\/p>\n<p>The relationship between the User and Tamara de Frutos shall be governed by the regulations in force and applicable in Spanish territory. Should any controversy arise regarding the interpretation and\/or application of these Conditions, the parties shall submit their conflicts to the ordinary jurisdiction, submitting to the corresponding judges and courts according to law. <\/p>\n<p>[\/et_pb_text][\/et_pb_column][\/et_pb_row][\/et_pb_section]<\/p>\n","protected":false},"excerpt":{"rendered":"<p>I. GENERAL INFORMATION In compliance with the duty of information established in Law 34\/2002 on Information Society Services and Electronic Commerce (LSSI-CE) of July 11, the following general information regarding this website is provided: The ownership of this website, www.tamaradefrutos.com (hereinafter, &#8220;Website&#8221;), is held by: Tamara Garc\u00eda de Frutos, with NIF: 20904340P, and whose contact [&hellip;]<\/p>\n","protected":false},"author":1,"featured_media":0,"parent":0,"menu_order":0,"comment_status":"closed","ping_status":"closed","template":"","meta":{"_acf_changed":false,"_et_pb_use_builder":"on","_et_pb_old_content":"","_et_gb_content_width":"","footnotes":""},"class_list":["post-1056","page","type-page","status-publish","hentry"],"acf":[],"_links":{"self":[{"href":"https:\/\/tamaradefrutos.com\/en\/wp-json\/wp\/v2\/pages\/1056","targetHints":{"allow":["GET"]}}],"collection":[{"href":"https:\/\/tamaradefrutos.com\/en\/wp-json\/wp\/v2\/pages"}],"about":[{"href":"https:\/\/tamaradefrutos.com\/en\/wp-json\/wp\/v2\/types\/page"}],"author":[{"embeddable":true,"href":"https:\/\/tamaradefrutos.com\/en\/wp-json\/wp\/v2\/users\/1"}],"replies":[{"embeddable":true,"href":"https:\/\/tamaradefrutos.com\/en\/wp-json\/wp\/v2\/comments?post=1056"}],"version-history":[{"count":3,"href":"https:\/\/tamaradefrutos.com\/en\/wp-json\/wp\/v2\/pages\/1056\/revisions"}],"predecessor-version":[{"id":1059,"href":"https:\/\/tamaradefrutos.com\/en\/wp-json\/wp\/v2\/pages\/1056\/revisions\/1059"}],"wp:attachment":[{"href":"https:\/\/tamaradefrutos.com\/en\/wp-json\/wp\/v2\/media?parent=1056"}],"curies":[{"name":"wp","href":"https:\/\/api.w.org\/{rel}","templated":true}]}}