{"id":1006,"date":"2025-10-21T10:48:55","date_gmt":"2025-10-21T08:48:55","guid":{"rendered":"http:\/\/tamaradefrutos.com\/privacy-policy\/"},"modified":"2026-01-16T16:52:29","modified_gmt":"2026-01-16T15:52:29","slug":"privacy-policy","status":"publish","type":"page","link":"https:\/\/tamaradefrutos.com\/en\/privacy-policy\/","title":{"rendered":"Privacy Policy"},"content":{"rendered":"<p>[et_pb_section fb_built=&#8221;1&#8243; _builder_version=&#8221;4.27.4&#8243; _module_preset=&#8221;default&#8221; background_color=&#8221;#1D1B19&#8243; background_image=&#8221;http:\/\/tamaradefrutos.com\/wp-content\/uploads\/2025\/11\/estramonio-1.png&#8221; background_size=&#8221;initial&#8221; background_position=&#8221;top_right&#8221; background_horizontal_offset=&#8221;7%&#8221; custom_padding=&#8221;45px||20px|||&#8221; global_module=&#8221;388&#8243; saved_tabs=&#8221;all&#8221; global_colors_info=&#8221;{}&#8221;][et_pb_row _builder_version=&#8221;4.27.4&#8243; _module_preset=&#8221;default&#8221; custom_margin=&#8221;-20px|auto||auto||&#8221; custom_padding=&#8221;||29px|||&#8221; global_colors_info=&#8221;{}&#8221;][et_pb_column type=&#8221;4_4&#8243; _builder_version=&#8221;4.27.4&#8243; _module_preset=&#8221;default&#8221; global_colors_info=&#8221;{}&#8221;][et_pb_text _builder_version=&#8221;4.27.4&#8243; _dynamic_attributes=&#8221;content&#8221; _module_preset=&#8221;default&#8221; header_font=&#8221;Chapbook||||||||&#8221; header_text_color=&#8221;#FFFFFF&#8221; header_font_size=&#8221;50px&#8221; header_font_size_tablet=&#8221;46px&#8221; header_font_size_phone=&#8221;38px&#8221; header_font_size_last_edited=&#8221;on|phone&#8221; global_colors_info=&#8221;{}&#8221;]@ET-DC@eyJkeW5hbWljIjp0cnVlLCJjb250ZW50IjoicG9zdF90aXRsZSIsInNldHRpbmdzIjp7ImJlZm9yZSI6IjxoMT4iLCJhZnRlciI6IjxcL2gxPiJ9fQ==@[\/et_pb_text][\/et_pb_column][\/et_pb_row][\/et_pb_section][et_pb_section fb_built=&#8221;1&#8243; admin_label=&#8221;section&#8221; _builder_version=&#8221;4.27.4&#8243; background_color=&#8221;#E7E3DA&#8221; custom_padding=&#8221;60px|||||&#8221; global_colors_info=&#8221;{}&#8221;][et_pb_row admin_label=&#8221;row&#8221; _builder_version=&#8221;4.16&#8243; background_size=&#8221;initial&#8221; background_position=&#8221;top_left&#8221; background_repeat=&#8221;repeat&#8221; custom_margin=&#8221;-35px|auto||auto||&#8221; global_colors_info=&#8221;{}&#8221;][et_pb_column type=&#8221;4_4&#8243; _builder_version=&#8221;4.16&#8243; custom_padding=&#8221;|||&#8221; global_colors_info=&#8221;{}&#8221; custom_padding__hover=&#8221;|||&#8221;][et_pb_text admin_label=&#8221;Text&#8221; _builder_version=&#8221;4.27.4&#8243; header_3_font=&#8221;&#8211;et_global_body_font||||||||&#8221; header_3_letter_spacing=&#8221;1px&#8221; background_size=&#8221;initial&#8221; background_position=&#8221;top_left&#8221; background_repeat=&#8221;repeat&#8221; custom_margin=&#8221;-22px|||||&#8221; hover_enabled=&#8221;0&#8243; global_colors_info=&#8221;{}&#8221; sticky_enabled=&#8221;0&#8243;]<\/p>\n<p>\n\n<h3 class=\"wp-block-heading\"><strong>1. PRIVACY AND DATA PROTECTION POLICY<\/strong><\/h3>\n<p>Respetando lo establecido en la legislaci\u00f3n vigente, Tamara de Frutos (en adelante, tambi\u00e9n Sitio Web) se compromete a adoptar las medidas t\u00e9cnicas y organizativas necesarias, seg\u00fan el nivel de seguridad adecuado al riesgo de los datos recogidos.<\/p>\n<p><strong>Leyes que incorpora esta pol\u00edtica de privacidad<\/strong><\/p>\n<p>Esta pol\u00edtica de privacidad est\u00e1 adaptada a la normativa espa\u00f1ola y europea vigente en materia de protecci\u00f3n de datos personales en internet. En concreto, la misma respeta las siguientes normas:<\/p>\n<ul>\n<li>El Reglamento (UE) 2016\/679 del Parlamento Europeo y del Consejo, de 27 de abril de 2016, relativo a la protecci\u00f3n de las personas f\u00edsicas en lo que respecta al tratamiento de datos personales y a la libre circulaci\u00f3n de estos datos (RGPD).<\/li>\n<li>La Ley Org\u00e1nica 3\/2018, de 5 de diciembre, de Protecci\u00f3n de Datos Personales y garant\u00eda de los derechos digitales (LOPD-GDD).<\/li>\n<li>El Real Decreto 1720\/2007, de 21 de diciembre, por el que se aprueba el Reglamento de desarrollo de la Ley Org\u00e1nica 15\/1999, de 13 de diciembre, de Protecci\u00f3n de Datos de Car\u00e1cter Personal (RDLOPD).<\/li>\n<li>La Ley 34\/2002, de 11 de julio, de Servicios de la Sociedad de la Informaci\u00f3n y de Comercio Electr\u00f3nico (LSSI-CE).<\/li>\n<\/ul>\n<p><strong>Identidad del responsable del tratamiento de los datos personales<\/strong><\/p>\n<p>El responsable del tratamiento de los datos personales recogidos en Tamara de Frutos es: Tamara Garc\u00eda de Frutos, con NIF: 20904340P (en adelante, Responsable del tratamiento). Sus datos de contacto son los siguientes:<\/p>\n<p>Tel\u00e9fono de contacto: 655 013 853<\/p>\n<p>Email de contacto: <a href=\"mailto:tamaradefrutosart@gmail.com\">tamaradefrutosart@gmail.com<\/a><\/p>\n<p><strong>Registro de Datos de Car\u00e1cter Personal<\/strong><\/p>\n<p>En cumplimiento de lo establecido en el RGPD y la LOPD-GDD, le informamos que los datos personales recabados por Tamara de Frutos, mediante los formularios extendidos en sus p\u00e1ginas quedar\u00e1n incorporados y ser\u00e1n tratados en nuestro fichero con el fin de poder facilitar, agilizar y cumplir los compromisos establecidos entre Tamara de Frutos y el Usuario o el mantenimiento de la relaci\u00f3n que se establezca en los formularios que este rellene, o para atender una solicitud o consulta del mismo. Asimismo, de conformidad con lo previsto en el RGPD y la LOPD-GDD, salvo que sea de aplicaci\u00f3n la excepci\u00f3n prevista en el art\u00edculo 30.5 del RGPD, se mantiene un registro de actividades de tratamiento que especifica, seg\u00fan sus finalidades, las actividades de tratamiento llevadas a cabo y las dem\u00e1s circunstancias establecidas en el RGPD.<\/p>\n<p><strong>Principios aplicables al tratamiento de los datos personales<\/strong><\/p>\n<p>El tratamiento de los datos personales del Usuario se someter\u00e1 a los siguientes principios recogidos en el art\u00edculo 5 del RGPD y en el art\u00edculo 4 y siguientes de la Ley Org\u00e1nica 3\/2018, de 5 de diciembre, de Protecci\u00f3n de Datos Personales y garant\u00eda de los derechos digitales:<\/p>\n<ul>\n<li>Principio de licitud, lealtad y transparencia: se requerir\u00e1 en todo momento el consentimiento del Usuario previa informaci\u00f3n completamente transparente de los fines para los cuales se recogen los datos personales.<\/li>\n<li>Principio de limitaci\u00f3n de la finalidad: los datos personales ser\u00e1n recogidos con fines determinados, expl\u00edcitos y leg\u00edtimos.<\/li>\n<li>Principio de minimizaci\u00f3n de datos: los datos personales recogidos ser\u00e1n \u00fanicamente los estrictamente necesarios en relaci\u00f3n con los fines para los que son tratados.<\/li>\n<li>Principio de exactitud: los datos personales deben ser exactos y estar siempre actualizados.<\/li>\n<li>Principio de limitaci\u00f3n del plazo de conservaci\u00f3n: los datos personales solo ser\u00e1n mantenidos de forma que se permita la identificaci\u00f3n del Usuario durante el tiempo necesario para los fines de su tratamiento.<\/li>\n<li>Principio de integridad y confidencialidad: los datos personales ser\u00e1n tratados de manera que se garantice su seguridad y confidencialidad.<\/li>\n<li>Principio de responsabilidad proactiva: el Responsable del tratamiento ser\u00e1 responsable de asegurar que los principios anteriores se cumplen.<\/li>\n<\/ul>\n<p><strong>Categor\u00edas de datos personales<\/strong><\/p>\n<p>Las categor\u00edas de datos que se tratan en Tamara de Frutos son \u00fanicamente datos identificativos. En ning\u00fan caso, se tratan categor\u00edas especiales de datos personales en el sentido del art\u00edculo 9 del RGPD.<\/p>\n<p><strong>Base legal para el tratamiento de los datos personales<\/strong><\/p>\n<p>La base legal para el tratamiento de los datos personales es el consentimiento. Tamara de Frutos se compromete a recabar el consentimiento expreso y verificable del Usuario para el tratamiento de sus datos personales para uno o varios fines espec\u00edficos.<\/p>\n<p>El Usuario tendr\u00e1 derecho a retirar su consentimiento en cualquier momento. Ser\u00e1 tan f\u00e1cil retirar el consentimiento como darlo. Como regla general, la retirada del consentimiento no condicionar\u00e1 el uso del Sitio Web.<\/p>\n<p>En las ocasiones en las que el Usuario deba o pueda facilitar sus datos a trav\u00e9s de formularios para realizar consultas, solicitar informaci\u00f3n o por motivos relacionados con el contenido del Sitio Web, se le informar\u00e1 en caso de que la cumplimentaci\u00f3n de alguno de ellos sea obligatoria debido a que los mismos sean imprescindibles para el correcto desarrollo de la operaci\u00f3n realizada.<\/p>\n<p><strong>Fines del tratamiento a que se destinan los datos personales<\/strong><\/p>\n<p>Los datos personales son recabados y gestionados por Tamara de Frutos con la finalidad de poder facilitar, agilizar y cumplir los compromisos establecidos entre el Sitio Web y el Usuario o el mantenimiento de la relaci\u00f3n que se establezca en los formularios que este \u00faltimo rellene o para atender una solicitud o consulta.<\/p>\n<p>Igualmente, los datos podr\u00e1n ser utilizados con una finalidad comercial de personalizaci\u00f3n, operativa y estad\u00edstica, y actividades propias del objeto social de Tamara de Frutos, as\u00ed como para la extracci\u00f3n, almacenamiento de datos y estudios de marketing para adecuar el Contenido ofertado al Usuario, as\u00ed como mejorar la calidad, funcionamiento y navegaci\u00f3n por el Sitio Web.<\/p>\n<p>En el momento en que se obtengan los datos personales, se informar\u00e1 al Usuario acerca del fin o fines espec\u00edficos del tratamiento a que se destinar\u00e1n los datos personales; es decir, del uso o usos que se dar\u00e1 a la informaci\u00f3n recopilada.<\/p>\n<p><strong>Per\u00edodos de retenci\u00f3n de los datos personales<\/strong><\/p>\n<p>Los datos personales solo ser\u00e1n retenidos durante el tiempo m\u00ednimo necesario para los fines de su tratamiento y, en todo caso hasta que el Usuario solicite su supresi\u00f3n.<\/p>\n<p>En el momento en que se obtengan los datos personales, se informar\u00e1 al Usuario acerca del plazo durante el cual se conservar\u00e1n los datos personales o, cuando eso no sea posible, los criterios utilizados para determinar este plazo.<\/p>\n<p><strong>Destinatarios de los datos personales<\/strong><\/p>\n<p>Para el correcto funcionamiento y mejora de este sitio web, utilizamos servicios de terceros: <strong>Google Analytics<\/strong> (para el an\u00e1lisis estad\u00edstico de visitas) y <strong>Brevo<\/strong> (para la gesti\u00f3n de comunicaciones por correo electr\u00f3nico). Estos proveedores acceden a los datos de navegaci\u00f3n o de contacto \u00fanicamente para la prestaci\u00f3n de sus servicios t\u00e9cnicos.<\/p>\n<p>Informamos al Usuario de que el uso de Google Analytics implica la transferencia internacional de datos a Estados Unidos. Esta transferencia se realiza bajo el marco de privacidad UE-EE. UU. y el uso de cl\u00e1usulas contractuales tipo, garantizando un nivel de protecci\u00f3n adecuado conforme a los est\u00e1ndares europeos.<\/p>\n<p><strong>Datos personales de menores de edad<\/strong><\/p>\n<p>Respetando lo establecido en los art\u00edculos 8 del RGPD y 7 de la Ley Org\u00e1nica 3\/2018, de 5 de diciembre, de Protecci\u00f3n de Datos Personales y garant\u00eda de los derechos digitales, solo los mayores de 14 a\u00f1os podr\u00e1n otorgar su consentimiento para el tratamiento de sus datos personales de forma l\u00edcita por Tamara de Frutos. Si se trata de un menor de 14 a\u00f1os, ser\u00e1 necesario el consentimiento de los padres o tutores para el tratamiento, y este solo se considerar\u00e1 l\u00edcito en la medida en la que los mismos lo hayan autorizado.<\/p>\n<p><strong>Secreto y seguridad de los datos personales<\/strong><\/p>\n<p>Tamara de Frutos se compromete a adoptar las medidas t\u00e9cnicas y organizativas necesarias, seg\u00fan el nivel de seguridad adecuado al riesgo de los datos recogidos, de forma que se garantice la seguridad de los datos de car\u00e1cter personal y se evite la destrucci\u00f3n, p\u00e9rdida o alteraci\u00f3n accidental o il\u00edcita de datos personales transmitidos, conservados o tratados de otra forma, o la comunicaci\u00f3n o acceso no autorizados a dichos datos.<\/p>\n<p>El Sitio Web cuenta con un certificado SSL (Secure Socket Layer), que asegura que los datos personales se transmiten de forma segura y confidencial, al ser la transmisi\u00f3n de los datos entre el servidor y el Usuario, y en retroalimentaci\u00f3n, totalmente cifrada o encriptada.<\/p>\n<p>Sin embargo, debido a que Tamara de Frutos no puede garantizar la inexpugnabilidad de internet ni la ausencia total de hackers u otros que accedan de modo fraudulento a los datos personales, el Responsable del tratamiento se compromete a comunicar al Usuario sin dilaci\u00f3n indebida cuando ocurra una violaci\u00f3n de la seguridad de los datos personales que sea probable que entra\u00f1e un alto riesgo para los derechos y libertades de las personas f\u00edsicas. Siguiendo lo establecido en el art\u00edculo 4 del RGPD, se entiende por violaci\u00f3n de la seguridad de los datos personales toda violaci\u00f3n de la seguridad que ocasione la destrucci\u00f3n, p\u00e9rdida o alteraci\u00f3n accidental o il\u00edcita de datos personales transmitidos, conservados o tratados de otra forma, o la comunicaci\u00f3n o acceso no autorizados a dichos datos.<\/p>\n<p>Los datos personales ser\u00e1n tratados como confidenciales por el Responsable del tratamiento.<\/p>\n<p><strong>Derechos derivados del tratamiento de los datos personales<\/strong><\/p>\n<p>El Usuario tiene sobre Tamara de Frutos y podr\u00e1, por tanto, ejercer frente al Responsable del tratamiento los siguientes derechos reconocidos en el RGPD y la Ley Org\u00e1nica 3\/2018, de 5 de diciembre, de Protecci\u00f3n de Datos Personales y garant\u00eda de los derechos digitales:<\/p>\n<ul>\n<li><em>Derecho de acceso<\/em><\/li>\n<li><em>Derecho de rectificaci\u00f3n<\/em><\/li>\n<li><em>Derecho de supresi\u00f3n (&#8220;el derecho al olvido&#8221;)<\/em><\/li>\n<li><em>Derecho a la limitaci\u00f3n del tratamiento<\/em><\/li>\n<li><em>Derecho a la portabilidad de los datos<\/em><\/li>\n<li><em>Derecho de oposici\u00f3n<\/em><\/li>\n<li><em>Derecho a no ser objeto de una decisi\u00f3n basada \u00fanicamente en el tratamiento automatizado, incluida la elaboraci\u00f3n de perfiles<\/em><\/li>\n<\/ul>\n<p>Para cualquier solicitud o inquietud con respecto a sus datos, puede ponerse en contacto con el Responsable del tratamiento a trav\u00e9s de la siguiente direcci\u00f3n de correo electr\u00f3nico: tamaradefrutosart@gmail.com<\/p>\n<p><strong>Enlaces a sitios web de terceros<\/strong><\/p>\n<p>El Sitio Web puede incluir hiperv\u00ednculos o enlaces que permiten acceder a p\u00e1ginas web de terceros distintos de Tamara de Frutos, y que por tanto no son operados por Tamara de Frutos. Los titulares de dichos sitios web dispondr\u00e1n de sus propias pol\u00edticas de protecci\u00f3n de datos, siendo ellos mismos, en cada caso, responsables de sus propios ficheros y de sus propias pr\u00e1cticas de privacidad.<\/p>\n<p><strong>Reclamaciones ante la autoridad de control<\/strong><\/p>\n<p>En caso de que el Usuario considere que existe un problema o infracci\u00f3n de la normativa vigente en la forma en la que se est\u00e1n tratando sus datos personales, tendr\u00e1 derecho a la tutela judicial efectiva y a presentar una reclamaci\u00f3n ante una autoridad de control, en particular, en el Estado en el que tenga su residencia habitual, lugar de trabajo o lugar de la supuesta infracci\u00f3n. En el caso de Espa\u00f1a, la autoridad de control es la Agencia Espa\u00f1ola de Protecci\u00f3n de Datos (https:\/\/www.aepd.es\/).<\/p>\n<h3><strong><\/strong><\/h3>\n<h3><strong>2. ACCEPTANCE AND CHANGES TO THIS PRIVACY POLICY<\/strong><\/h3>\n<p>Es necesario que el Usuario haya le\u00eddo y est\u00e9 conforme con las condiciones sobre la protecci\u00f3n de datos de car\u00e1cter personal contenidas en esta Pol\u00edtica de Privacidad, as\u00ed como que acepte el tratamiento de sus datos personales para que el Responsable del tratamiento pueda proceder al mismo en la forma, durante los plazos y para las finalidades indicadas. El uso del Sitio Web implicar\u00e1 la aceptaci\u00f3n de la Pol\u00edtica de Privacidad del mismo.<\/p>\n<p>Tamara de Frutos se reserva el derecho a modificar su Pol\u00edtica de Privacidad, de acuerdo a su propio criterio, o motivado por un cambio legislativo, jurisprudencial o doctrinal de la Agencia Espa\u00f1ola de Protecci\u00f3n de Datos. Los cambios o actualizaciones de esta Pol\u00edtica de Privacidad no ser\u00e1n notificados de forma expl\u00edcita al Usuario.<\/p>\n<p>Esta Pol\u00edtica de Privacidad fue actualizada para adaptarse al Reglamento (UE) 2016\/679 del Parlamento Europeo y del Consejo, de 27 de abril de 2016, relativo a la protecci\u00f3n de las personas f\u00edsicas en lo que respecta al tratamiento de datos personales y a la libre circulaci\u00f3n de estos datos (RGPD) y a la Ley Org\u00e1nica 3\/2018, de 5 de diciembre, de Protecci\u00f3n de Datos Personales y garant\u00eda de los derechos digitales.<\/p>[\/et_pb_text][\/et_pb_column][\/et_pb_row][\/et_pb_section]","protected":false},"excerpt":{"rendered":"<p>1. PRIVACY AND DATA PROTECTION POLICY Respetando lo establecido en la legislaci\u00f3n vigente, Tamara de Frutos (en adelante, tambi\u00e9n Sitio Web) se compromete a adoptar las medidas t\u00e9cnicas y organizativas necesarias, seg\u00fan el nivel de seguridad adecuado al riesgo de los datos recogidos. Leyes que incorpora esta pol\u00edtica de privacidad Esta pol\u00edtica de privacidad est\u00e1 [&hellip;]<\/p>\n","protected":false},"author":1,"featured_media":0,"parent":0,"menu_order":0,"comment_status":"closed","ping_status":"closed","template":"","meta":{"_acf_changed":false,"_et_pb_use_builder":"on","_et_pb_old_content":"","_et_gb_content_width":"","footnotes":""},"class_list":["post-1006","page","type-page","status-publish","hentry"],"acf":[],"_links":{"self":[{"href":"https:\/\/tamaradefrutos.com\/en\/wp-json\/wp\/v2\/pages\/1006","targetHints":{"allow":["GET"]}}],"collection":[{"href":"https:\/\/tamaradefrutos.com\/en\/wp-json\/wp\/v2\/pages"}],"about":[{"href":"https:\/\/tamaradefrutos.com\/en\/wp-json\/wp\/v2\/types\/page"}],"author":[{"embeddable":true,"href":"https:\/\/tamaradefrutos.com\/en\/wp-json\/wp\/v2\/users\/1"}],"replies":[{"embeddable":true,"href":"https:\/\/tamaradefrutos.com\/en\/wp-json\/wp\/v2\/comments?post=1006"}],"version-history":[{"count":2,"href":"https:\/\/tamaradefrutos.com\/en\/wp-json\/wp\/v2\/pages\/1006\/revisions"}],"predecessor-version":[{"id":1008,"href":"https:\/\/tamaradefrutos.com\/en\/wp-json\/wp\/v2\/pages\/1006\/revisions\/1008"}],"wp:attachment":[{"href":"https:\/\/tamaradefrutos.com\/en\/wp-json\/wp\/v2\/media?parent=1006"}],"curies":[{"name":"wp","href":"https:\/\/api.w.org\/{rel}","templated":true}]}}